{"id":191,"date":"2022-01-14T02:29:42","date_gmt":"2022-01-14T05:29:42","guid":{"rendered":"http:\/\/nobilehoteis.web2121.uni5.net\/?page_id=191"},"modified":"2025-11-26T15:16:04","modified_gmt":"2025-11-26T18:16:04","slug":"contato","status":"publish","type":"page","link":"https:\/\/www.nobilehoteis.com.br\/espanol\/contato\/","title":{"rendered":"Contato"},"content":{"rendered":"\t\t<div data-elementor-type=\"wp-page\" data-elementor-id=\"191\" class=\"elementor elementor-191\" data-elementor-post-type=\"page\">\n\t\t\t\t\t\t<section class=\"elementor-section elementor-top-section elementor-element elementor-element-3b65792 elementor-section-boxed elementor-section-height-default elementor-section-height-default\" data-id=\"3b65792\" data-element_type=\"section\" data-e-type=\"section\" data-settings=\"{&quot;background_background&quot;:&quot;classic&quot;}\">\n\t\t\t\t\t\t<div class=\"elementor-container elementor-column-gap-default\">\n\t\t\t\t\t<div class=\"elementor-column elementor-col-100 elementor-top-column elementor-element elementor-element-1a3eae2\" data-id=\"1a3eae2\" data-element_type=\"column\" data-e-type=\"column\">\n\t\t\t<div class=\"elementor-widget-wrap elementor-element-populated\">\n\t\t\t\t\t\t<div class=\"elementor-element elementor-element-c695d80 elementor-widget elementor-widget-heading\" data-id=\"c695d80\" data-element_type=\"widget\" data-e-type=\"widget\" data-widget_type=\"heading.default\">\n\t\t\t\t<div class=\"elementor-widget-container\">\n\t\t\t\t\t<h2 class=\"elementor-heading-title elementor-size-default\">Contactos<\/h2>\t\t\t\t<\/div>\n\t\t\t\t<\/div>\n\t\t\t\t\t<\/div>\n\t\t<\/div>\n\t\t\t\t\t<\/div>\n\t\t<\/section>\n\t\t\t\t<section class=\"elementor-section elementor-top-section elementor-element elementor-element-9d849b8 elementor-section-boxed elementor-section-height-default elementor-section-height-default\" data-id=\"9d849b8\" data-element_type=\"section\" data-e-type=\"section\">\n\t\t\t\t\t\t<div class=\"elementor-container elementor-column-gap-default\">\n\t\t\t\t\t<div class=\"elementor-column elementor-col-33 elementor-top-column elementor-element elementor-element-612d1e7\" data-id=\"612d1e7\" data-element_type=\"column\" data-e-type=\"column\">\n\t\t\t<div class=\"elementor-widget-wrap elementor-element-populated\">\n\t\t\t\t\t\t<div class=\"elementor-element elementor-element-ad8f071 elementor-widget elementor-widget-heading\" data-id=\"ad8f071\" data-element_type=\"widget\" data-e-type=\"widget\" data-widget_type=\"heading.default\">\n\t\t\t\t<div class=\"elementor-widget-container\">\n\t\t\t\t\t<h4 class=\"elementor-heading-title elementor-size-default\">Donde Estamos<\/h4>\t\t\t\t<\/div>\n\t\t\t\t<\/div>\n\t\t\t\t<div class=\"elementor-element elementor-element-1837546 elementor-widget elementor-widget-text-editor\" data-id=\"1837546\" data-element_type=\"widget\" data-e-type=\"widget\" data-widget_type=\"text-editor.default\">\n\t\t\t\t<div class=\"elementor-widget-container\">\n\t\t\t\t\t\t\t\t\t<ul><li>Brasil<\/li><li>Argentina<\/li><li>Chile<\/li><li>Paraguay<\/li><li>Uruguay<\/li><\/ul>\t\t\t\t\t\t\t\t<\/div>\n\t\t\t\t<\/div>\n\t\t\t\t\t<\/div>\n\t\t<\/div>\n\t\t\t\t<div class=\"elementor-column elementor-col-66 elementor-top-column elementor-element elementor-element-1bfcf3c\" data-id=\"1bfcf3c\" data-element_type=\"column\" data-e-type=\"column\">\n\t\t\t<div class=\"elementor-widget-wrap elementor-element-populated\">\n\t\t\t\t\t\t<div class=\"elementor-element elementor-element-82019dc elementor-widget elementor-widget-heading\" data-id=\"82019dc\" data-element_type=\"widget\" data-e-type=\"widget\" data-widget_type=\"heading.default\">\n\t\t\t\t<div class=\"elementor-widget-container\">\n\t\t\t\t\t<h4 class=\"elementor-heading-title elementor-size-default\">Env\u00eda tu mensaje\n<\/h4>\t\t\t\t<\/div>\n\t\t\t\t<\/div>\n\t\t\t\t<div class=\"elementor-element elementor-element-76ad91c elementor-widget elementor-widget-text-editor\" data-id=\"76ad91c\" data-element_type=\"widget\" data-e-type=\"widget\" data-widget_type=\"text-editor.default\">\n\t\t\t\t<div class=\"elementor-widget-container\">\n\t\t\t\t\t\t\t\t\t<p>Estimado cliente, si su consulta est\u00e1 relacionada con la no recepci\u00f3n de <strong>una factura<\/strong>, le recomendamos que compruebe su carpeta de correo no deseado antes de continuar. A menudo, las facturas emitidas por los organismos responsables (como el Ayuntamiento o el Departamento de Finanzas &#8211; Sefaz) pueden dirigirse autom\u00e1ticamente a esta carpeta.<\/p><p>Gracias por su comprensi\u00f3n.<\/p>\t\t\t\t\t\t\t\t<\/div>\n\t\t\t\t<\/div>\n\t\t\t\t<div class=\"elementor-element elementor-element-f2ff45e elementor-button-align-stretch elementor-widget elementor-widget-form\" data-id=\"f2ff45e\" data-element_type=\"widget\" data-e-type=\"widget\" data-settings=\"{&quot;step_next_label&quot;:&quot;Pr\\u00f3ximo&quot;,&quot;step_previous_label&quot;:&quot;Anterior&quot;,&quot;button_width&quot;:&quot;100&quot;,&quot;step_type&quot;:&quot;number_text&quot;,&quot;step_icon_shape&quot;:&quot;circle&quot;}\" data-widget_type=\"form.default\">\n\t\t\t\t<div class=\"elementor-widget-container\">\n\t\t\t\t\t\t\t<form class=\"elementor-form\" method=\"post\" name=\"Formulario de Contato\" aria-label=\"Formulario de Contato\">\n\t\t\t<input type=\"hidden\" name=\"post_id\" value=\"191\"\/>\n\t\t\t<input type=\"hidden\" name=\"form_id\" value=\"f2ff45e\"\/>\n\t\t\t<input type=\"hidden\" name=\"referer_title\" value=\"Contato\" \/>\n\n\t\t\t\t\t\t\t<input type=\"hidden\" name=\"queried_id\" value=\"191\"\/>\n\t\t\t\n\t\t\t<div class=\"elementor-form-fields-wrapper elementor-labels-above\">\n\t\t\t\t\t\t\t\t<div class=\"elementor-field-type-text elementor-field-group elementor-column elementor-field-group-name elementor-col-100 elementor-field-required\">\n\t\t\t\t\t\t\t\t\t\t\t\t<label for=\"form-field-name\" class=\"elementor-field-label\">\n\t\t\t\t\t\t\t\tNombre:\t\t\t\t\t\t\t<\/label>\n\t\t\t\t\t\t\t\t\t\t\t\t\t\t<input size=\"1\" type=\"text\" name=\"form_fields[name]\" id=\"form-field-name\" class=\"elementor-field elementor-size-sm  elementor-field-textual\" required=\"required\">\n\t\t\t\t\t\t\t\t\t\t\t<\/div>\n\t\t\t\t\t\t\t\t<div class=\"elementor-field-type-email elementor-field-group elementor-column elementor-field-group-email elementor-col-100 elementor-field-required\">\n\t\t\t\t\t\t\t\t\t\t\t\t<label for=\"form-field-email\" class=\"elementor-field-label\">\n\t\t\t\t\t\t\t\tEmail:\t\t\t\t\t\t\t<\/label>\n\t\t\t\t\t\t\t\t\t\t\t\t\t\t<input size=\"1\" type=\"email\" name=\"form_fields[email]\" id=\"form-field-email\" class=\"elementor-field elementor-size-sm  elementor-field-textual\" required=\"required\">\n\t\t\t\t\t\t\t\t\t\t\t<\/div>\n\t\t\t\t\t\t\t\t<div class=\"elementor-field-type-text elementor-field-group elementor-column elementor-field-group-field_ac6c3f2 elementor-col-100 elementor-field-required\">\n\t\t\t\t\t\t\t\t\t\t\t\t<label for=\"form-field-field_ac6c3f2\" class=\"elementor-field-label\">\n\t\t\t\t\t\t\t\tTel\u00e9fono:\t\t\t\t\t\t\t<\/label>\n\t\t\t\t\t\t\t\t\t\t\t\t\t\t<input size=\"1\" type=\"text\" name=\"form_fields[field_ac6c3f2]\" id=\"form-field-field_ac6c3f2\" class=\"elementor-field elementor-size-sm  elementor-field-textual\" required=\"required\">\n\t\t\t\t\t\t\t\t\t\t\t<\/div>\n\t\t\t\t\t\t\t\t<div class=\"elementor-field-type-select elementor-field-group elementor-column elementor-field-group-field_55783ef elementor-col-100\">\n\t\t\t\t\t\t\t\t\t\t\t\t<label for=\"form-field-field_55783ef\" class=\"elementor-field-label\">\n\t\t\t\t\t\t\t\tHotel\t\t\t\t\t\t\t<\/label>\n\t\t\t\t\t\t\t\t<div class=\"elementor-field elementor-select-wrapper remove-before \">\n\t\t\t<div class=\"select-caret-down-wrapper\">\n\t\t\t\t<i aria-hidden=\"true\" class=\"eicon-caret-down\"><\/i>\t\t\t<\/div>\n\t\t\t<select name=\"form_fields[field_55783ef]\" id=\"form-field-field_55783ef\" class=\"elementor-field-textual elementor-size-sm\">\n\t\t\t\t\t\t\t\t\t<option value=\"\"><\/option>\n\t\t\t\t\t\t\t\t\t<option value=\"Alice Vit\u00f3ria Hotel Arte By Nobile\">Alice Vit\u00f3ria Hotel Arte By Nobile<\/option>\n\t\t\t\t\t\t\t\t\t<option value=\"Astron Hotel Bauru By Nobile\">Astron Hotel Bauru By Nobile<\/option>\n\t\t\t\t\t\t\t\t\t<option value=\"Astron Ponta Grossa Plaza By Nobile\">Astron Ponta Grossa Plaza By Nobile<\/option>\n\t\t\t\t\t\t\t\t\t<option value=\"Astron Saint Moritz By Nobile\">Astron Saint Moritz By Nobile<\/option>\n\t\t\t\t\t\t\t\t\t<option value=\"Astron Su\u00edtes Mondial Salvador By Nobile\">Astron Su\u00edtes Mondial Salvador By Nobile<\/option>\n\t\t\t\t\t\t\t\t\t<option value=\"Astron Su\u00edtes S\u00e3o Jos\u00e9 dos Pinhais By Nobile\">Astron Su\u00edtes S\u00e3o Jos\u00e9 dos Pinhais By Nobile<\/option>\n\t\t\t\t\t\t\t\t\t<option value=\"Belavista Web Hotel By Nobile\">Belavista Web Hotel By Nobile<\/option>\n\t\t\t\t\t\t\t\t\t<option value=\"BG Hotel By Nobile\">BG Hotel By Nobile<\/option>\n\t\t\t\t\t\t\t\t\t<option value=\"Charles Hotel By Nobile\">Charles Hotel By Nobile<\/option>\n\t\t\t\t\t\t\t\t\t<option value=\"Concha &amp; Toro 33 Hotel Boutique by Nobile\">Concha &amp; Toro 33 Hotel Boutique by Nobile<\/option>\n\t\t\t\t\t\t\t\t\t<option value=\"Ecorkhotel By Nobile\">Ecorkhotel By Nobile<\/option>\n\t\t\t\t\t\t\t\t\t<option value=\"Farina Park Hotel By Nobile\">Farina Park Hotel By Nobile<\/option>\n\t\t\t\t\t\t\t\t\t<option value=\"Ferraretto Hotel &amp; Spa By Nobile\">Ferraretto Hotel &amp; Spa By Nobile<\/option>\n\t\t\t\t\t\t\t\t\t<option value=\"Figueiras Hotel &amp; Evento By Nobile\">Figueiras Hotel &amp; Evento By Nobile<\/option>\n\t\t\t\t\t\t\t\t\t<option value=\"Hollyster Hotel By Nobile\">Hollyster Hotel By Nobile<\/option>\n\t\t\t\t\t\t\t\t\t<option value=\"Hotel da Costa By Nobile\">Hotel da Costa By Nobile<\/option>\n\t\t\t\t\t\t\t\t\t<option value=\"Hotel Pena Branca By Nobile\">Hotel Pena Branca By Nobile<\/option>\n\t\t\t\t\t\t\t\t\t<option value=\"Hotel Roochelle Convention By Nobile\">Hotel Roochelle Convention By Nobile<\/option>\n\t\t\t\t\t\t\t\t\t<option value=\"Hotel Sau\u00edpe By Nobile\">Hotel Sau\u00edpe By Nobile<\/option>\n\t\t\t\t\t\t\t\t\t<option value=\"Hotel Sol by Nobile\">Hotel Sol by Nobile<\/option>\n\t\t\t\t\t\t\t\t\t<option value=\"Hotel Splendore By Nobile\">Hotel Splendore By Nobile<\/option>\n\t\t\t\t\t\t\t\t\t<option value=\"La Reserva Virgin Lodge by Nobile\">La Reserva Virgin Lodge by Nobile<\/option>\n\t\t\t\t\t\t\t\t\t<option value=\"Mara Turismo Hotel By Nobile\">Mara Turismo Hotel By Nobile<\/option>\n\t\t\t\t\t\t\t\t\t<option value=\"Nobile Grand Itapema\">Nobile Grand Itapema<\/option>\n\t\t\t\t\t\t\t\t\t<option value=\"Nobile Hotel Araripina\">Nobile Hotel Araripina<\/option>\n\t\t\t\t\t\t\t\t\t<option value=\"Nobile Hotel Convention Ciudad del Este\">Nobile Hotel Convention Ciudad del Este<\/option>\n\t\t\t\t\t\t\t\t\t<option value=\"Nobile Hotel Copacabana Design\">Nobile Hotel Copacabana Design<\/option>\n\t\t\t\t\t\t\t\t\t<option value=\"Nobile Hotel Estaci\u00f3n Central\">Nobile Hotel Estaci\u00f3n Central<\/option>\n\t\t\t\t\t\t\t\t\t<option value=\"Nobile Hotel Juiz de Fora\">Nobile Hotel Juiz de Fora<\/option>\n\t\t\t\t\t\t\t\t\t<option value=\"Nobile Hotel Montoya\">Nobile Hotel Montoya<\/option>\n\t\t\t\t\t\t\t\t\t<option value=\"Nobile Hotel Parkway at Celebration\">Nobile Hotel Parkway at Celebration<\/option>\n\t\t\t\t\t\t\t\t\t<option value=\"Nobile Inn Cabo Branco\">Nobile Inn Cabo Branco<\/option>\n\t\t\t\t\t\t\t\t\t<option value=\"Nobile Inn Dutra Rio de Janeiro\">Nobile Inn Dutra Rio de Janeiro<\/option>\n\t\t\t\t\t\t\t\t\t<option value=\"Nobile Inn Executive Ribeir\u00e3o Preto\">Nobile Inn Executive Ribeir\u00e3o Preto<\/option>\n\t\t\t\t\t\t\t\t\t<option value=\"Nobile Inn Jundia\u00ed\">Nobile Inn Jundia\u00ed<\/option>\n\t\t\t\t\t\t\t\t\t<option value=\"Nobile Inn London An\u00e1polis\">Nobile Inn London An\u00e1polis<\/option>\n\t\t\t\t\t\t\t\t\t<option value=\"Nobile Inn Meridional\">Nobile Inn Meridional<\/option>\n\t\t\t\t\t\t\t\t\t<option value=\"Nobile Inn Pampulha\">Nobile Inn Pampulha<\/option>\n\t\t\t\t\t\t\t\t\t<option value=\"Nobile Inn Santiago\">Nobile Inn Santiago<\/option>\n\t\t\t\t\t\t\t\t\t<option value=\"Nobile Residences Maria Fraz\u00e3o\">Nobile Residences Maria Fraz\u00e3o<\/option>\n\t\t\t\t\t\t\t\t\t<option value=\"Nobile Su\u00edtes Del Rio Petrolina\">Nobile Su\u00edtes Del Rio Petrolina<\/option>\n\t\t\t\t\t\t\t\t\t<option value=\"Nobile Su\u00edtes Diamond\">Nobile Su\u00edtes Diamond<\/option>\n\t\t\t\t\t\t\t\t\t<option value=\"Nobile Su\u00edtes Excelsior Asunci\u00f3n\">Nobile Su\u00edtes Excelsior Asunci\u00f3n<\/option>\n\t\t\t\t\t\t\t\t\t<option value=\"Nobile Su\u00edtes Gran Lumni Rio Branco\">Nobile Su\u00edtes Gran Lumni Rio Branco<\/option>\n\t\t\t\t\t\t\t\t\t<option value=\"Nobile Su\u00edtes Monumental\">Nobile Su\u00edtes Monumental<\/option>\n\t\t\t\t\t\t\t\t\t<option value=\"Nobile Su\u00edtes Tamba\u00fa\">Nobile Su\u00edtes Tamba\u00fa<\/option>\n\t\t\t\t\t\t\t\t\t<option value=\"Nobile Su\u00edtes Uberl\u00e2ndia\">Nobile Su\u00edtes Uberl\u00e2ndia<\/option>\n\t\t\t\t\t\t\t\t\t<option value=\"Occitano Apart Hotel By Nobile\">Occitano Apart Hotel By Nobile<\/option>\n\t\t\t\t\t\t\t\t\t<option value=\"Oceania Park Hotel SPA &amp; Convention Center\">Oceania Park Hotel SPA &amp; Convention Center<\/option>\n\t\t\t\t\t\t\t\t\t<option value=\"Pena Branca Hotel &amp; Eventos by Nobile\">Pena Branca Hotel &amp; Eventos by Nobile<\/option>\n\t\t\t\t\t\t\t\t\t<option value=\"Prime Hotel By Nobile\">Prime Hotel By Nobile<\/option>\n\t\t\t\t\t\t\t\t\t<option value=\"Raf Hotel By Nobile\">Raf Hotel By Nobile<\/option>\n\t\t\t\t\t\t\t\t\t<option value=\"Roochelle Hotel By Nobile\">Roochelle Hotel By Nobile<\/option>\n\t\t\t\t\t\t\t\t\t<option value=\"San Marino Su\u00edtes Hotel By Nobile\">San Marino Su\u00edtes Hotel By Nobile<\/option>\n\t\t\t\t\t\t\t\t\t<option value=\"Solar Rio de Pedras By Nobile\">Solar Rio de Pedras By Nobile<\/option>\n\t\t\t\t\t\t\t\t\t<option value=\"Splendore Hotel by Nobile\">Splendore Hotel by Nobile<\/option>\n\t\t\t\t\t\t\t\t\t<option value=\"Uno Hotel By Nobile\">Uno Hotel By Nobile<\/option>\n\t\t\t\t\t\t\t<\/select>\n\t\t<\/div>\n\t\t\t\t\t\t<\/div>\n\t\t\t\t\t\t\t\t<div class=\"elementor-field-type-select elementor-field-group elementor-column elementor-field-group-field_424f5e4 elementor-col-100 elementor-field-required\">\n\t\t\t\t\t\t\t\t\t\t\t\t<label for=\"form-field-field_424f5e4\" class=\"elementor-field-label\">\n\t\t\t\t\t\t\t\tAssunto\t\t\t\t\t\t\t<\/label>\n\t\t\t\t\t\t\t\t<div class=\"elementor-field elementor-select-wrapper remove-before \">\n\t\t\t<div class=\"select-caret-down-wrapper\">\n\t\t\t\t<i aria-hidden=\"true\" class=\"eicon-caret-down\"><\/i>\t\t\t<\/div>\n\t\t\t<select name=\"form_fields[field_424f5e4]\" id=\"form-field-field_424f5e4\" class=\"elementor-field-textual elementor-size-sm\" required=\"required\">\n\t\t\t\t\t\t\t\t\t<option value=\"\"><\/option>\n\t\t\t\t\t\t\t\t\t<option value=\"Quejas y sugerencias\">Quejas y sugerencias<\/option>\n\t\t\t\t\t\t\t\t\t<option value=\"Reservas\">Reservas<\/option>\n\t\t\t\t\t\t\t<\/select>\n\t\t<\/div>\n\t\t\t\t\t\t<\/div>\n\t\t\t\t\t\t\t\t<div class=\"elementor-field-type-textarea elementor-field-group elementor-column elementor-field-group-message elementor-col-100 elementor-field-required\">\n\t\t\t\t\t\t\t\t\t\t\t\t<label for=\"form-field-message\" class=\"elementor-field-label\">\n\t\t\t\t\t\t\t\tMensaje:\t\t\t\t\t\t\t<\/label>\n\t\t\t\t\t\t<textarea class=\"elementor-field-textual elementor-field  elementor-size-sm\" name=\"form_fields[message]\" id=\"form-field-message\" rows=\"4\" required=\"required\"><\/textarea>\t\t\t\t<\/div>\n\t\t\t\t\t\t\t\t<div class=\"elementor-field-group elementor-column elementor-field-type-submit elementor-col-100 e-form__buttons\">\n\t\t\t\t\t<button class=\"elementor-button elementor-size-sm\" type=\"submit\">\n\t\t\t\t\t\t<span class=\"elementor-button-content-wrapper\">\n\t\t\t\t\t\t\t\t\t\t\t\t\t\t\t<span class=\"elementor-button-icon\">\n\t\t\t\t\t\t\t\t\t<i aria-hidden=\"true\" class=\"fab fa-telegram-plane\"><\/i>\t\t\t\t\t\t\t\t\t\t\t\t\t\t\t\t\t<\/span>\n\t\t\t\t\t\t\t\t\t\t\t\t\t\t\t\t\t\t\t\t\t\t<span class=\"elementor-button-text\">Enviar<\/span>\n\t\t\t\t\t\t\t\t\t\t\t\t\t<\/span>\n\t\t\t\t\t<\/button>\n\t\t\t\t<\/div>\n\t\t\t<\/div>\n\t\t<\/form>\n\t\t\t\t\t\t<\/div>\n\t\t\t\t<\/div>\n\t\t\t\t\t<\/div>\n\t\t<\/div>\n\t\t\t\t\t<\/div>\n\t\t<\/section>\n\t\t\t\t<\/div>\n\t\t","protected":false},"excerpt":{"rendered":"<p>Contactos Donde Estamos Brasil Argentina Chile Paraguay Uruguay Env\u00eda tu mensaje Estimado cliente, si su consulta est\u00e1 relacionada con la no recepci\u00f3n de una factura, le recomendamos que compruebe su carpeta de correo no deseado antes de continuar. A menudo, las facturas emitidas por los organismos responsables (como el Ayuntamiento o el Departamento de Finanzas [&hellip;]<\/p>\n","protected":false},"author":1,"featured_media":0,"parent":0,"menu_order":0,"comment_status":"closed","ping_status":"closed","template":"","meta":{"footnotes":""},"class_list":["post-191","page","type-page","status-publish","hentry"],"_links":{"self":[{"href":"https:\/\/www.nobilehoteis.com.br\/espanol\/wp-json\/wp\/v2\/pages\/191","targetHints":{"allow":["GET"]}}],"collection":[{"href":"https:\/\/www.nobilehoteis.com.br\/espanol\/wp-json\/wp\/v2\/pages"}],"about":[{"href":"https:\/\/www.nobilehoteis.com.br\/espanol\/wp-json\/wp\/v2\/types\/page"}],"author":[{"embeddable":true,"href":"https:\/\/www.nobilehoteis.com.br\/espanol\/wp-json\/wp\/v2\/users\/1"}],"replies":[{"embeddable":true,"href":"https:\/\/www.nobilehoteis.com.br\/espanol\/wp-json\/wp\/v2\/comments?post=191"}],"version-history":[{"count":0,"href":"https:\/\/www.nobilehoteis.com.br\/espanol\/wp-json\/wp\/v2\/pages\/191\/revisions"}],"wp:attachment":[{"href":"https:\/\/www.nobilehoteis.com.br\/espanol\/wp-json\/wp\/v2\/media?parent=191"}],"curies":[{"name":"wp","href":"https:\/\/api.w.org\/{rel}","templated":true}]}}