{"id":17417,"date":"2025-07-01T01:16:06","date_gmt":"2025-07-01T04:16:06","guid":{"rendered":"https:\/\/www.nobilehoteis.com.br\/english\/?page_id=17417"},"modified":"2025-07-01T01:16:38","modified_gmt":"2025-07-01T04:16:38","slug":"estados-unidos","status":"publish","type":"page","link":"https:\/\/www.nobilehoteis.com.br\/english\/estados-unidos\/","title":{"rendered":"United States"},"content":{"rendered":"\t\t<div data-elementor-type=\"wp-page\" data-elementor-id=\"17417\" class=\"elementor elementor-17417\" data-elementor-post-type=\"page\">\n\t\t\t\t\t\t<section class=\"elementor-section elementor-top-section elementor-element elementor-element-50a7b59 elementor-section-height-min-height elementor-section-boxed elementor-section-height-default elementor-section-items-middle\" data-id=\"50a7b59\" data-element_type=\"section\" data-e-type=\"section\" data-settings=\"{&quot;background_background&quot;:&quot;classic&quot;}\">\n\t\t\t\t\t\t\t<div class=\"elementor-background-overlay\"><\/div>\n\t\t\t\t\t\t\t<div class=\"elementor-container elementor-column-gap-default\">\n\t\t\t\t\t<div class=\"elementor-column elementor-col-100 elementor-top-column elementor-element elementor-element-be141ba\" data-id=\"be141ba\" data-element_type=\"column\" data-e-type=\"column\">\n\t\t\t<div class=\"elementor-widget-wrap elementor-element-populated\">\n\t\t\t\t\t\t<div class=\"elementor-element elementor-element-c752545 elementor-widget elementor-widget-heading\" data-id=\"c752545\" data-element_type=\"widget\" data-e-type=\"widget\" data-widget_type=\"heading.default\">\n\t\t\t\t<div class=\"elementor-widget-container\">\n\t\t\t\t\t<h2 class=\"elementor-heading-title elementor-size-default\">United States<\/h2>\t\t\t\t<\/div>\n\t\t\t\t<\/div>\n\t\t\t\t\t<\/div>\n\t\t<\/div>\n\t\t\t\t\t<\/div>\n\t\t<\/section>\n\t\t\t\t<section class=\"elementor-section elementor-top-section elementor-element elementor-element-87a0196 elementor-hidden-tablet elementor-hidden-mobile elementor-section-boxed elementor-section-height-default elementor-section-height-default\" data-id=\"87a0196\" data-element_type=\"section\" data-e-type=\"section\" data-settings=\"{&quot;background_background&quot;:&quot;classic&quot;,&quot;sticky&quot;:&quot;top&quot;,&quot;sticky_offset&quot;:90,&quot;sticky_on&quot;:[&quot;desktop&quot;,&quot;tablet&quot;,&quot;mobile&quot;],&quot;sticky_effects_offset&quot;:0,&quot;sticky_anchor_link_offset&quot;:0}\">\n\t\t\t\t\t\t<div class=\"elementor-container elementor-column-gap-default\">\n\t\t\t\t\t<div class=\"elementor-column elementor-col-100 elementor-top-column elementor-element elementor-element-87ebca1\" data-id=\"87ebca1\" data-element_type=\"column\" data-e-type=\"column\">\n\t\t\t<div class=\"elementor-widget-wrap elementor-element-populated\">\n\t\t\t\t\t\t<div class=\"elementor-element elementor-element-0cf02e1 elementor-widget elementor-widget-global elementor-global-3389 elementor-widget-html\" data-id=\"0cf02e1\" data-element_type=\"widget\" data-e-type=\"widget\" data-widget_type=\"html.default\">\n\t\t\t\t<div class=\"elementor-widget-container\">\n\t\t\t\t\t\r\n<style type=\"text\/css\">\r\n\r\n.container1{\r\njustify-content: left;\r\nfont-family: poppins;\r\ncolor:#818181;\r\nheight: 20px;\r\n}\r\n\r\n.container2{\r\njustify-content: left;\r\n}\r\n\r\n.motor-reserva{\r\ndisplay: inline-block;\r\npadding-left: 0px;\r\npadding-top: 0px;\r\npadding-top: 0px;\r\npadding-bottom: 0px;\r\n}\r\n\r\ninput, select{\r\nfont-family: poppins;\r\nbackground-color: #ffffff;\r\ncolor:#818181;\r\nheight:45px;\r\nborder-style: solid;\r\nborder-width: 1px;\r\nborder-color: #cccccc;\r\npadding-left:8px;\r\n}\r\n\r\n\r\ninput[type=submit] {\r\nbackground-color: #2180A8;\r\nborder: none;\r\ncolor: white;\r\npadding: 0px 15px;\r\ntext-decoration: none;\r\nmargin: 4px 2px;\r\ncursor: pointer;\r\n}\r\n\r\n\r\ninput[type=submit]:hover {\r\nbackground-color: #818181;\r\n}\r\n\r\n\r\ninput[type=\"date\"] {\r\ncolor: #818181;\r\nborder-style: solid;\r\nborder-width: 1px;\r\nborder-color: #cccccc;\r\npadding-left:8px;\r\n}\r\n\r\nbutton.reservas {\r\ncolor: #818181;\r\nborder-style: solid;\r\nborder-width: 1px;\r\nborder-color: #cccccc;\r\nbackground-color: #f1f1f1;\r\n}\r\n\r\nbutton.reservas:hover {\r\nbackground-color:#818181;\r\ncolor: #ffffff;\r\n}\r\n\r\n<\/style>\r\n\r\n\r\n\r\n<!--- LABELS  --->\r\n<div class=\"container1\">\r\n<div class=\"motor-reserva\" style=\"width:250px\">Escolha seu hotel:<\/div>\r\n<div class=\"motor-reserva\" style=\"width:200px\">Entrada:<\/div>\r\n<div class=\"motor-reserva\" style=\"width:200px\">Sa\u00edda:<\/div>\r\n<div class=\"motor-reserva\" style=\"width:70px\">Adultos:<\/div>\r\n<div class=\"motor-reserva\" style=\"width:80px\">Crian\u00e7as:<\/div>\r\n<div class=\"motor-reserva\"><\/div>\r\n<div class=\"motor-reserva\"><\/div>\r\n<\/div>\r\n<!--- LABELS  --->\r\n\r\n\r\n\r\n\r\n<!--- FORMS  --->\r\n\r\n<div class=\"container2\">\r\n\r\n<div class=\"motor-reserva\" style=\"width:250px\">\r\n\r\n<form method=\"post\"action=\"https:\/\/be.synxis.com\/?adult=form.adult&arrive=form.arrive&chain=24005&child=form.child&clearcache=all&config=nobile&currency=BRL&depart=form.depart&hotel=1234&level=chain&locale=pt-PT&notrack=true&rooms=1&theme=nobile\">\r\n  <select name=\"hotel\">\r\n  <option value=\"0\">Selecione uma op\u00e7\u00e3o<\/option>\r\n\r\n  <!---- HOT\u00c9IS ---->\r\n\r\n\r\n  <optgroup label=\"An\u00e1polis - GO\"><option value=\"10087\">Nobile Inn London An\u00e1polis<\/option><\/optgroup><br \/>\r\n  <optgroup label=\"Aracaj\u00fa - SE\"><option value=\"33146\">Hotel da Costa By Nobile<\/option><\/optgroup><br \/>\r\n  <optgroup label=\"Araripina - PE\"><option value=\"42546\">Nobile Hotel Araripina<\/option><\/optgroup><br \/>\r\n  <optgroup label=\"Asunci\u00f3n - Paraguai\"><option value=\"39288\">Nobile Su\u00edtes Excelsior Asunci\u00f3n<\/option><\/optgroup><br \/>\r\n\r\n\r\n  <optgroup label=\"Bauru - SP\"><option value=\"40014\">Astron Hotel Bauru By Nobile<\/option><\/optgroup><br \/>\r\n\r\n  <optgroup label=\"Belo Horizonte - MG\">\r\n      <option value=\"4506\">Nobile Hotel Belo Horizonte<\/option>\r\n      <option value=\"4496\">Nobile Inn Pampulha<\/option>\r\n  <\/optgroup>\r\n\r\n  <optgroup label=\"Bras\u00edlia - DF\"><option value=\"64716\">Nobile Su\u00edtes Monumental<\/option><\/optgroup><br \/>\r\n\r\n\r\n  <optgroup label=\"Cariacica - ES\"><option value=\"10404\">Nobile Inn Meridional<\/option><\/optgroup><br \/>\r\n  <optgroup label=\"Carpina - PE\"><option value=\"38143\">Uno Hotel By Nobile<\/option><\/optgroup><br \/>\r\n  <optgroup label=\"Cascavel - PR\"><option value=\"36047\">Sau\u00edpe By Nobile<\/option><\/optgroup><br \/>\r\n  <optgroup label=\"Catal\u00e3o - GO\"><option value=\"38229\">Mara Turismo Hotel By Nobile<\/option><\/optgroup><br \/>\r\n  <optgroup label=\"Ciudad Del Este - Paraguai\"><option value=\"35867\">Nobile Hotel Convention Ciudad Del Este<\/option><\/optgroup><br \/>\r\n\r\n  <optgroup label=\"Concei\u00e7\u00e3o do Mato Dentro - MG\"><option value=\"37871\">Splendore Hotel By Nobile<\/option><\/optgroup><br \/>\r\n\r\n\r\n\r\n\r\n  <optgroup label=\"Curitiba - PR\">\r\n      <option value=\"38186\">Hollyster Hotel By Nobile<\/option>\r\n      <option value=\"38185\">Hotel Sol By Nobile<\/option>\r\n      <option value=\"40554\">Roochelle Hotel By Nobile<\/option>\r\n  <\/optgroup>\r\n\r\n\r\n  <optgroup label=\"\u00c9vora - Portugal\"><option value=\"40878\">Ecorkhotel By Nobile<\/option><\/optgroup><br \/>\r\n  <optgroup label=\"Farroupilhas - SC\"><option value=\"42048\">Farina Park Hotel<\/option><\/optgroup><br \/>\r\n  <optgroup label=\"Florian\u00f3polis - SC\"><option value=\"42416\">Oceania Park Hotel Spa & Convention Center By Nobile<\/option><\/optgroup><br \/>\r\n  <optgroup label=\"Goi\u00e2nia - GO\"><option value=\"8946\">San Marino Su\u00edtes Hotel By Nobile<\/option><\/optgroup><br \/>\r\n  <optgroup label=\"Guaruj\u00e1 - SP\"><option value=\"42263\">Ferraretto Hotel & Spa<\/option><\/optgroup><br \/>\r\n  <optgroup label=\"Itaja\u00ed - SC\"><option value=\"42418\">Hotel 7 By Nobile<\/option><\/optgroup><br \/>\r\n  <optgroup label=\"Itapema - SC\"><option value=\"7457\">Itapema Beach Hot\u00e9is By Nobile<\/option><\/optgroup><br \/>\r\n  <optgroup label=\"Itaberaba - BA\"><option value=\"38454\">Belavista Web Hotel By Nobile<\/option><\/optgroup><br \/>\r\n\r\n\r\n  <optgroup label=\"Jo\u00e3o Pessoa - PB\">\r\n    <option value=\"35426\">Nobile Su\u00edtes Tamba\u00fa<\/option>\r\n    \r\n  <\/optgroup><br \/>\r\n\r\n  <optgroup label=\"Juiz de Fora - MG\"><option value=\"4494\">Nobile Juiz de Fora<\/option><\/optgroup><br \/>\r\n  <optgroup label=\"Jundia\u00ed - SP\"><option value=\"7502\">Red Roof Inn Jundia\u00ed<\/option><\/optgroup><br \/>\r\n  <optgroup label=\"Laranjeiras - SE\"><option value=\"37907\">Reserva dos Lagos By Nobile<\/option><\/optgroup><br \/>\r\n  <optgroup label=\"Lu\u00eds Eduardo Magalh\u00e3es - BA\"><option value=\"41064\">Solar Rio das Pedras By Nobile<\/option><\/optgroup><br \/>\r\n\r\n  <optgroup label=\"Petrolina - PE\"><option value=\"77600\">Nobile Su\u00edtes Del Rio Petrolina<\/option><\/optgroup><br \/>\r\n  <optgroup label=\"Piracicaba - SP\"><option value=\"39048\">Occitano Apart Hotel By Nobile<\/option><\/optgroup><br \/>\r\n  <optgroup label=\"Ponta Grossa- PR\"><option value=\"40009\">Astron Ponta Grossa Plaza By Nobile<\/option><\/optgroup><br \/>\r\n  <optgroup label=\"Ponta Por\u00e3- MS\"><option value=\"40841\">Prime Hotel By Nobile<\/option><\/optgroup><br \/>\r\n  <optgroup label=\"Porto Ferreira - SP\"><option value=\"39710\">Charles Hotel by Nobile<\/option><\/optgroup><br \/>\r\n  <optgroup label=\"Puerto Iguaz\u00fa - Argentina\"><option value=\"43536\">La Reserva Virgin Lodge By Nobile<\/option><\/optgroup><br \/>\r\n\r\n  <optgroup label=\"Punta del Este - Uruguai\">\r\n    <option value=\"40786\">Nobile Hotel Montoya<\/option>\r\n    <option value=\"40913\">Be House Su\u00edtes By Nobile<\/option>\r\n  <\/optgroup><br \/>\r\n\r\n  <optgroup label=\"Recife - PE\">\r\n      <option value=\"37669\">Nobile Residences Maria Fraz\u00e3o<\/option>\r\n  <\/optgroup><br \/>\r\n\r\n\r\n\r\n  <optgroup label=\"Ribeir\u00e3o Preto - SP\"><option value=\"39702\">Nobile Inn Ribeir\u00e3o Preto<\/option><\/optgroup><br \/>\r\n  <optgroup label=\"Rio Branco - AC\"><option value=\"4499\">Nobile Su\u00edtes Grand Lumni Rio Branco<\/option><\/optgroup><br \/>\r\n  <optgroup label=\"Rio de Janeiro - RJ\"><option value=\"7521\">Nobile Hotel Copacabana Design<\/option><\/optgroup><br \/>\r\n  <optgroup label=\"Salvador- BA\"><option value=\"40017\">Astron Su\u00edtes Mondial Salvador By Nobile<\/option><\/optgroup><br \/>\r\n  <optgroup label=\"Santo Ant\u00f4nio de Jesus - BA\"><option value=\"36667\">Hotel Pena Branca By Nobile<\/option><\/optgroup><br \/>\r\n  <optgroup label=\"S\u00e3o Bernardo do Campo - SP\"><option value=\"40015\">Astron Saint Moritz By Nobile<\/option><\/optgroup><br \/>\r\n  <optgroup label=\"S\u00e3o Miguel do Oeste - SC\"><option value=\"39326\">Figueiras Hotel & Evento by Nobile<\/option><\/optgroup><br \/>\r\n  <optgroup label=\"S\u00e3o Jo\u00e3o do Meriti - RJ\"><option value=\"7505\">Nobile Inn Dutra Rio de Janeiro<\/option><\/optgroup><br \/>\r\n  <optgroup label=\"S\u00e3o Jos\u00e9 dos Pinhais - PR\"><option value=\"40010\">Astron Su\u00edtes S\u00e3o Jos\u00e9 dos Pinhais By Nobile<\/option><\/optgroup><br \/>\r\n\r\n\r\n  <optgroup label=\"Uberl\u00e2ndia - MG\"><option value=\"4514\">Nobile Su\u00edtes Uberl\u00e2ndia<\/option><\/optgroup><br \/>\r\n  <optgroup label=\"Umuarama - PR\"><option value=\"41874\">Raf Hotel By Nobile<\/option><\/optgroup><br \/>\r\n  <optgroup label=\"Vit\u00f3ria - ES\">\r\n    <option value=\"39599\">Alice Vit\u00f3ria Hotel<\/option>\r\n    <option value=\"7405\">Nobile Su\u00edtes Diamond<\/option>\r\n  <\/optgroup><br>\r\n\r\n\r\n  <!---- HOT\u00c9IS --->\r\n\r\n\r\n\r\n\r\n\r\n\r\n\r\n\r\n\r\n\r\n\r\n\r\n\r\n\r\n\r\n\r\n\r\n\r\n\r\n\r\n\r\n\r\n\r\n\r\n\r\n\r\n\r\n\r\n  <\/select>\r\n\r\n<\/div>\r\n\r\n\r\n<div class=\"motor-reserva\" style=\"width:200px\">\r\n  <input type=\"date\" name=\"arrive\"><\/input>\r\n<\/div>\r\n\r\n\r\n<div class=\"motor-reserva\" style=\"width:200px\">\r\n  <input type=\"date\" name=\"depart\"><\/input>\r\n<\/div>\r\n\r\n<div class=\"motor-reserva\" style=\"width:70px\">\r\n  <select name=\"adult\"><option value=\"1\">01<\/option><option value=\"2\">02<\/option><option value=\"3\">03<\/option><option value=\"4\">04<\/option><option value=\"5\">05<\/option><option value=\"6\">06<\/option><\/select>\r\n<\/div>\r\n\r\n<div class=\"motor-reserva\" style=\"width:70px\">\r\n  <select name=\"child\"><option value=\"0\">00<\/option><option value=\"1\">01<\/option><option value=\"2\">02<\/option><option value=\"3\">03<\/option><option value=\"4\">04<\/option><option value=\"5\">05<\/option><\/select>\r\n<\/div>\r\n\r\n<input type=\"hidden\" name=\"rooms\" value=\"1\">\r\n\r\n<div class=\"motor-reserva\">\r\n  <input type=\"submit\" value=\"Buscar\">\r\n<\/div>\r\n\r\n<\/form>\r\n\r\n<div class=\"motor-reserva\">\r\n  <a href=\"https:\/\/be.synxis.com\/signin?brand=NOB&chain=24005&child=0&config=nobile&currency=BRL&filter=&level=hotel&locale=pt-PT&rooms=1&theme=nobile\"><button class=\"reservas\">Minhas Reservas<\/button><\/a>\r\n<\/div>\r\n\t\t\t\t<\/div>\n\t\t\t\t<\/div>\n\t\t\t\t\t<\/div>\n\t\t<\/div>\n\t\t\t\t\t<\/div>\n\t\t<\/section>\n\t\t\t\t<section class=\"elementor-section elementor-top-section elementor-element elementor-element-a9c509a elementor-section-boxed elementor-section-height-default elementor-section-height-default\" data-id=\"a9c509a\" data-element_type=\"section\" data-e-type=\"section\">\n\t\t\t\t\t\t<div class=\"elementor-container elementor-column-gap-default\">\n\t\t\t\t\t<div class=\"elementor-column elementor-col-100 elementor-top-column elementor-element elementor-element-88c5455\" data-id=\"88c5455\" data-element_type=\"column\" data-e-type=\"column\">\n\t\t\t<div class=\"elementor-widget-wrap elementor-element-populated\">\n\t\t\t\t\t\t<div class=\"elementor-element elementor-element-3d37a52 elementor-grid-3 elementor-grid-tablet-2 elementor-grid-mobile-1 elementor-posts--thumbnail-top elementor-posts__hover-gradient elementor-widget elementor-widget-posts\" data-id=\"3d37a52\" data-element_type=\"widget\" data-e-type=\"widget\" data-settings=\"{&quot;pagination_type&quot;:&quot;numbers&quot;,&quot;cards_columns&quot;:&quot;3&quot;,&quot;cards_columns_tablet&quot;:&quot;2&quot;,&quot;cards_columns_mobile&quot;:&quot;1&quot;,&quot;cards_row_gap&quot;:{&quot;unit&quot;:&quot;px&quot;,&quot;size&quot;:35,&quot;sizes&quot;:[]},&quot;cards_row_gap_tablet&quot;:{&quot;unit&quot;:&quot;px&quot;,&quot;size&quot;:&quot;&quot;,&quot;sizes&quot;:[]},&quot;cards_row_gap_mobile&quot;:{&quot;unit&quot;:&quot;px&quot;,&quot;size&quot;:&quot;&quot;,&quot;sizes&quot;:[]}}\" data-widget_type=\"posts.cards\">\n\t\t\t\t<div class=\"elementor-widget-container\">\n\t\t\t\t\t\t\t<div class=\"elementor-posts-container elementor-posts elementor-posts--skin-cards elementor-grid\" role=\"list\">\n\t\t\t\t<article class=\"elementor-post elementor-grid-item post-17163 post type-post status-publish format-standard has-post-thumbnail hentry category-orlando\" role=\"listitem\">\n\t\t\t<div class=\"elementor-post__card\">\n\t\t\t\t<a class=\"elementor-post__thumbnail__link\" href=\"https:\/\/www.nobilehoteis.com.br\/english\/estados-unidos\/orlando\/parkway-at-celebration-orlando\/\" tabindex=\"-1\" ><div class=\"elementor-post__thumbnail\"><img fetchpriority=\"high\" decoding=\"async\" width=\"800\" height=\"450\" src=\"https:\/\/www.nobilehoteis.com.br\/english\/wp-content\/uploads\/2025\/05\/Parkway-at-Celebration-00-1024x576.jpg\" class=\"attachment-large size-large wp-image-17423\" alt=\"\" srcset=\"https:\/\/www.nobilehoteis.com.br\/english\/wp-content\/uploads\/2025\/05\/Parkway-at-Celebration-00-1024x576.jpg 1024w, https:\/\/www.nobilehoteis.com.br\/english\/wp-content\/uploads\/2025\/05\/Parkway-at-Celebration-00-300x169.jpg 300w, https:\/\/www.nobilehoteis.com.br\/english\/wp-content\/uploads\/2025\/05\/Parkway-at-Celebration-00-768x432.jpg 768w, https:\/\/www.nobilehoteis.com.br\/english\/wp-content\/uploads\/2025\/05\/Parkway-at-Celebration-00-1536x864.jpg 1536w, https:\/\/www.nobilehoteis.com.br\/english\/wp-content\/uploads\/2025\/05\/Parkway-at-Celebration-00.jpg 1920w\" sizes=\"(max-width: 800px) 100vw, 800px\" \/><\/div><\/a>\n\t\t\t\t<div class=\"elementor-post__badge\">Orlando<\/div>\n\t\t\t\t<div class=\"elementor-post__text\">\n\t\t\t\t<h3 class=\"elementor-post__title\">\n\t\t\t<a href=\"https:\/\/www.nobilehoteis.com.br\/english\/estados-unidos\/orlando\/parkway-at-celebration-orlando\/\" >\n\t\t\t\tNobile Hotel Parkway at Celebration Orlando\t\t\t<\/a>\n\t\t<\/h3>\n\t\t\t\t<\/div>\n\t\t\t\t\t<\/div>\n\t\t<\/article>\n\t\t\t\t<\/div>\n\t\t\n\t\t\t\t\t\t<\/div>\n\t\t\t\t<\/div>\n\t\t\t\t\t<\/div>\n\t\t<\/div>\n\t\t\t\t\t<\/div>\n\t\t<\/section>\n\t\t\t\t<\/div>\n\t\t","protected":false},"excerpt":{"rendered":"<p>Escolha seu hotel: Entrada: Sa\u00edda: Adultos: Crian\u00e7as: Selecione uma op\u00e7\u00e3o Nobile Inn London An\u00e1polis Hotel da Costa By Nobile Nobile Hotel Araripina Nobile Su\u00edtes Excelsior<\/p>\n","protected":false},"author":1,"featured_media":0,"parent":0,"menu_order":0,"comment_status":"closed","ping_status":"closed","template":"","meta":{"footnotes":""},"class_list":["post-17417","page","type-page","status-publish","hentry"],"_links":{"self":[{"href":"https:\/\/www.nobilehoteis.com.br\/english\/wp-json\/wp\/v2\/pages\/17417","targetHints":{"allow":["GET"]}}],"collection":[{"href":"https:\/\/www.nobilehoteis.com.br\/english\/wp-json\/wp\/v2\/pages"}],"about":[{"href":"https:\/\/www.nobilehoteis.com.br\/english\/wp-json\/wp\/v2\/types\/page"}],"author":[{"embeddable":true,"href":"https:\/\/www.nobilehoteis.com.br\/english\/wp-json\/wp\/v2\/users\/1"}],"replies":[{"embeddable":true,"href":"https:\/\/www.nobilehoteis.com.br\/english\/wp-json\/wp\/v2\/comments?post=17417"}],"version-history":[{"count":4,"href":"https:\/\/www.nobilehoteis.com.br\/english\/wp-json\/wp\/v2\/pages\/17417\/revisions"}],"predecessor-version":[{"id":17421,"href":"https:\/\/www.nobilehoteis.com.br\/english\/wp-json\/wp\/v2\/pages\/17417\/revisions\/17421"}],"wp:attachment":[{"href":"https:\/\/www.nobilehoteis.com.br\/english\/wp-json\/wp\/v2\/media?parent=17417"}],"curies":[{"name":"wp","href":"https:\/\/api.w.org\/{rel}","templated":true}]}}